{"id":1637,"date":"2019-07-03T15:01:59","date_gmt":"2019-07-03T13:01:59","guid":{"rendered":"https:\/\/www.grafikat.at\/blog\/?page_id=1637"},"modified":"2020-08-28T14:29:28","modified_gmt":"2020-08-28T12:29:28","slug":"impressum","status":"publish","type":"page","link":"https:\/\/www.grafikat.at\/blog\/impressum\/","title":{"rendered":"IMPRESSUM"},"content":{"rendered":"\n<h4 class=\"wp-block-heading\">grafikat e.U.<\/h4>\n\n\n\n<p>eingetragenes Einzelunternehmen<br>Inhaberin: Ing. Katharina Spitzer BSc.<\/p>\n\n\n\n<p>FN: 535655d<br>FB-Gericht: Korneuburg<\/p>\n\n\n\n<p>Sitz: 2000 Stockerau, \u00d6sterreich<\/p>\n\n\n\n<p>Mail: office@grafikat.at<br>facebook.com\/grafikat.at<\/p>\n\n\n\n<p>Werbegrafik-Designer<br>WKO: Fachgruppe Werbung &amp; Marktkommunikation<\/p>\n\n\n\n<p><\/p>\n\n\n\n<p><strong>Copyright:\u00a0<\/strong>Alle Bilder und Texte dieser Website sind urheberrechtlich gesch\u00fctzt. Jede Bearbeitung, Vervielf\u00e4ltigung, Verbreitung und\/oder \u00f6ffentliche Wiedergabe ohne ausdr\u00fcckliche schriftliche Zustimmung von Katharina Spitzer stellt einen Versto\u00df gegen das  Urheberrecht dar und wird rechtlich verfolgt.<\/p>\n\n\n\n<p>Portraitfoto von <a rel=\"noreferrer noopener\" aria-label=\" (\u00f6ffnet in neuem Tab)\" href=\"http:\/\/www.alex-settari.com\" target=\"_blank\">Alex Settari<\/a><\/p>\n\n\n\n<p>WordPress-Theme by <a href=\"https:\/\/heartenmade.com\" target=\"_blank\" rel=\"noreferrer noopener\">Hearten Made<\/a><\/p>\n","protected":false},"excerpt":{"rendered":"<p>grafikat e.U. eingetragenes EinzelunternehmenInhaberin: Ing. Katharina Spitzer BSc. FN: 535655dFB-Gericht: Korneuburg Sitz: 2000 Stockerau, \u00d6sterreich Mail: office@grafikat.atfacebook.com\/grafikat.at Werbegrafik-DesignerWKO: Fachgruppe Werbung &amp; Marktkommunikation Copyright:\u00a0Alle Bilder und Texte dieser Website sind urheberrechtlich gesch\u00fctzt. Jede Bearbeitung, Vervielf\u00e4ltigung, Verbreitung&#8230;<\/p>\n<div class=\"more\"><a class=\"more-link\" href=\"https:\/\/www.grafikat.at\/blog\/impressum\/\">Mehr lesen<\/a><\/div>","protected":false},"author":1,"featured_media":0,"parent":0,"menu_order":0,"comment_status":"closed","ping_status":"closed","template":"","meta":{"_lmt_disableupdate":"","_lmt_disable":"","_genesis_hide_title":false,"_genesis_hide_breadcrumbs":false,"_genesis_hide_singular_image":false,"_genesis_hide_footer_widgets":false,"_genesis_custom_body_class":"","_genesis_custom_post_class":"","_genesis_layout":""},"yoast_head":"<!-- This site is optimized with the Yoast SEO plugin v20.11 - https:\/\/yoast.com\/wordpress\/plugins\/seo\/ -->\n<title>IMPRESSUM | Blog von grafikat \u2013\u00a0Grafikerin aus N\u00d6<\/title>\n<meta name=\"robots\" content=\"noindex, follow\" \/>\n<meta property=\"og:locale\" content=\"de_DE\" \/>\n<meta property=\"og:type\" content=\"article\" \/>\n<meta property=\"og:title\" content=\"IMPRESSUM | Blog von grafikat \u2013\u00a0Grafikerin aus N\u00d6\" \/>\n<meta property=\"og:description\" content=\"grafikat e.U. eingetragenes EinzelunternehmenInhaberin: Ing. Katharina Spitzer BSc. FN: 535655dFB-Gericht: Korneuburg Sitz: 2000 Stockerau, \u00d6sterreich Mail: office@grafikat.atfacebook.com\/grafikat.at Werbegrafik-DesignerWKO: Fachgruppe Werbung &amp; Marktkommunikation Copyright:\u00a0Alle Bilder und Texte dieser Website sind urheberrechtlich gesch\u00fctzt. Jede Bearbeitung, Vervielf\u00e4ltigung, Verbreitung...\" \/>\n<meta property=\"og:url\" content=\"https:\/\/www.grafikat.at\/blog\/impressum\/\" \/>\n<meta property=\"og:site_name\" content=\"Blog von grafikat \u2013\u00a0Grafikerin aus N\u00d6\" \/>\n<meta property=\"article:publisher\" content=\"https:\/\/www.facebook.com\/grafikat.at\" \/>\n<meta property=\"article:modified_time\" content=\"2020-08-28T12:29:28+00:00\" \/>\n<meta name=\"twitter:card\" content=\"summary_large_image\" \/>\n<script type=\"application\/ld+json\" class=\"yoast-schema-graph\">{\"@context\":\"https:\/\/schema.org\",\"@graph\":[{\"@type\":\"WebPage\",\"@id\":\"https:\/\/www.grafikat.at\/blog\/impressum\/\",\"url\":\"https:\/\/www.grafikat.at\/blog\/impressum\/\",\"name\":\"IMPRESSUM | Blog von grafikat \u2013\u00a0Grafikerin aus N\u00d6\",\"isPartOf\":{\"@id\":\"https:\/\/www.grafikat.at\/blog\/#website\"},\"datePublished\":\"2019-07-03T13:01:59+00:00\",\"dateModified\":\"2020-08-28T12:29:28+00:00\",\"breadcrumb\":{\"@id\":\"https:\/\/www.grafikat.at\/blog\/impressum\/#breadcrumb\"},\"inLanguage\":\"de\",\"potentialAction\":[{\"@type\":\"ReadAction\",\"target\":[\"https:\/\/www.grafikat.at\/blog\/impressum\/\"]}]},{\"@type\":\"BreadcrumbList\",\"@id\":\"https:\/\/www.grafikat.at\/blog\/impressum\/#breadcrumb\",\"itemListElement\":[{\"@type\":\"ListItem\",\"position\":1,\"name\":\"Startseite\",\"item\":\"https:\/\/www.grafikat.at\/blog\/\"},{\"@type\":\"ListItem\",\"position\":2,\"name\":\"IMPRESSUM\"}]},{\"@type\":\"WebSite\",\"@id\":\"https:\/\/www.grafikat.at\/blog\/#website\",\"url\":\"https:\/\/www.grafikat.at\/blog\/\",\"name\":\"Blog von grafikat \u2013\u00a0Grafikerin aus N\u00d6\",\"description\":\"Fotografie und mehr\",\"publisher\":{\"@id\":\"https:\/\/www.grafikat.at\/blog\/#organization\"},\"potentialAction\":[{\"@type\":\"SearchAction\",\"target\":{\"@type\":\"EntryPoint\",\"urlTemplate\":\"https:\/\/www.grafikat.at\/blog\/?s={search_term_string}\"},\"query-input\":\"required name=search_term_string\"}],\"inLanguage\":\"de\"},{\"@type\":\"Organization\",\"@id\":\"https:\/\/www.grafikat.at\/blog\/#organization\",\"name\":\"grafikat \u2013\u00a0Katharina Spitzer\",\"url\":\"https:\/\/www.grafikat.at\/blog\/\",\"logo\":{\"@type\":\"ImageObject\",\"inLanguage\":\"de\",\"@id\":\"https:\/\/www.grafikat.at\/blog\/#\/schema\/logo\/image\/\",\"url\":\"https:\/\/www.grafikat.at\/blog\/wp-content\/uploads\/2018\/06\/logo_grafikat.svg\",\"contentUrl\":\"https:\/\/www.grafikat.at\/blog\/wp-content\/uploads\/2018\/06\/logo_grafikat.svg\",\"width\":1,\"height\":1,\"caption\":\"grafikat \u2013\u00a0Katharina Spitzer\"},\"image\":{\"@id\":\"https:\/\/www.grafikat.at\/blog\/#\/schema\/logo\/image\/\"},\"sameAs\":[\"https:\/\/www.facebook.com\/grafikat.at\",\"https:\/\/www.instagram.com\/miezekathi\"]}]}<\/script>\n<!-- \/ Yoast SEO plugin. -->","yoast_head_json":{"title":"IMPRESSUM | Blog von grafikat \u2013\u00a0Grafikerin aus N\u00d6","robots":{"index":"noindex","follow":"follow"},"og_locale":"de_DE","og_type":"article","og_title":"IMPRESSUM | Blog von grafikat \u2013\u00a0Grafikerin aus N\u00d6","og_description":"grafikat e.U. eingetragenes EinzelunternehmenInhaberin: Ing. Katharina Spitzer BSc. FN: 535655dFB-Gericht: Korneuburg Sitz: 2000 Stockerau, \u00d6sterreich Mail: office@grafikat.atfacebook.com\/grafikat.at Werbegrafik-DesignerWKO: Fachgruppe Werbung &amp; Marktkommunikation Copyright:\u00a0Alle Bilder und Texte dieser Website sind urheberrechtlich gesch\u00fctzt. Jede Bearbeitung, Vervielf\u00e4ltigung, Verbreitung...","og_url":"https:\/\/www.grafikat.at\/blog\/impressum\/","og_site_name":"Blog von grafikat \u2013\u00a0Grafikerin aus N\u00d6","article_publisher":"https:\/\/www.facebook.com\/grafikat.at","article_modified_time":"2020-08-28T12:29:28+00:00","twitter_card":"summary_large_image","schema":{"@context":"https:\/\/schema.org","@graph":[{"@type":"WebPage","@id":"https:\/\/www.grafikat.at\/blog\/impressum\/","url":"https:\/\/www.grafikat.at\/blog\/impressum\/","name":"IMPRESSUM | Blog von grafikat \u2013\u00a0Grafikerin aus N\u00d6","isPartOf":{"@id":"https:\/\/www.grafikat.at\/blog\/#website"},"datePublished":"2019-07-03T13:01:59+00:00","dateModified":"2020-08-28T12:29:28+00:00","breadcrumb":{"@id":"https:\/\/www.grafikat.at\/blog\/impressum\/#breadcrumb"},"inLanguage":"de","potentialAction":[{"@type":"ReadAction","target":["https:\/\/www.grafikat.at\/blog\/impressum\/"]}]},{"@type":"BreadcrumbList","@id":"https:\/\/www.grafikat.at\/blog\/impressum\/#breadcrumb","itemListElement":[{"@type":"ListItem","position":1,"name":"Startseite","item":"https:\/\/www.grafikat.at\/blog\/"},{"@type":"ListItem","position":2,"name":"IMPRESSUM"}]},{"@type":"WebSite","@id":"https:\/\/www.grafikat.at\/blog\/#website","url":"https:\/\/www.grafikat.at\/blog\/","name":"Blog von grafikat \u2013\u00a0Grafikerin aus N\u00d6","description":"Fotografie und mehr","publisher":{"@id":"https:\/\/www.grafikat.at\/blog\/#organization"},"potentialAction":[{"@type":"SearchAction","target":{"@type":"EntryPoint","urlTemplate":"https:\/\/www.grafikat.at\/blog\/?s={search_term_string}"},"query-input":"required name=search_term_string"}],"inLanguage":"de"},{"@type":"Organization","@id":"https:\/\/www.grafikat.at\/blog\/#organization","name":"grafikat \u2013\u00a0Katharina Spitzer","url":"https:\/\/www.grafikat.at\/blog\/","logo":{"@type":"ImageObject","inLanguage":"de","@id":"https:\/\/www.grafikat.at\/blog\/#\/schema\/logo\/image\/","url":"https:\/\/www.grafikat.at\/blog\/wp-content\/uploads\/2018\/06\/logo_grafikat.svg","contentUrl":"https:\/\/www.grafikat.at\/blog\/wp-content\/uploads\/2018\/06\/logo_grafikat.svg","width":1,"height":1,"caption":"grafikat \u2013\u00a0Katharina Spitzer"},"image":{"@id":"https:\/\/www.grafikat.at\/blog\/#\/schema\/logo\/image\/"},"sameAs":["https:\/\/www.facebook.com\/grafikat.at","https:\/\/www.instagram.com\/miezekathi"]}]}},"_links":{"self":[{"href":"https:\/\/www.grafikat.at\/blog\/wp-json\/wp\/v2\/pages\/1637"}],"collection":[{"href":"https:\/\/www.grafikat.at\/blog\/wp-json\/wp\/v2\/pages"}],"about":[{"href":"https:\/\/www.grafikat.at\/blog\/wp-json\/wp\/v2\/types\/page"}],"author":[{"embeddable":true,"href":"https:\/\/www.grafikat.at\/blog\/wp-json\/wp\/v2\/users\/1"}],"replies":[{"embeddable":true,"href":"https:\/\/www.grafikat.at\/blog\/wp-json\/wp\/v2\/comments?post=1637"}],"version-history":[{"count":7,"href":"https:\/\/www.grafikat.at\/blog\/wp-json\/wp\/v2\/pages\/1637\/revisions"}],"predecessor-version":[{"id":2428,"href":"https:\/\/www.grafikat.at\/blog\/wp-json\/wp\/v2\/pages\/1637\/revisions\/2428"}],"wp:attachment":[{"href":"https:\/\/www.grafikat.at\/blog\/wp-json\/wp\/v2\/media?parent=1637"}],"curies":[{"name":"wp","href":"https:\/\/api.w.org\/{rel}","templated":true}]}}